{"id":273,"date":"2016-07-18T14:52:16","date_gmt":"2016-07-18T12:52:16","guid":{"rendered":"https:\/\/www.rotaryclubdalminecentenario.org\/sito\/?page_id=273"},"modified":"2020-07-08T10:02:58","modified_gmt":"2020-07-08T08:02:58","slug":"rotary-international-2","status":"publish","type":"page","link":"https:\/\/www.rotaryclubdalminecentenario.org\/sito\/rotary-international-2\/","title":{"rendered":"lo scopo del Rotary"},"content":{"rendered":"<p>[et_pb_section fb_built=&#8221;1&#8243; admin_label=&#8221;section&#8221; _builder_version=&#8221;3.22&#8243;][et_pb_row admin_label=&#8221;row&#8221; _builder_version=&#8221;3.25&#8243; background_size=&#8221;initial&#8221; background_position=&#8221;top_left&#8221; background_repeat=&#8221;repeat&#8221;][et_pb_column type=&#8221;4_4&#8243; _builder_version=&#8221;3.25&#8243; custom_padding=&#8221;|||&#8221; custom_padding__hover=&#8221;|||&#8221;][et_pb_text admin_label=&#8221;Text&#8221; _builder_version=&#8221;4.4.9&#8243; background_size=&#8221;initial&#8221; background_position=&#8221;top_left&#8221; background_repeat=&#8221;repeat&#8221; hover_enabled=&#8221;0&#8243;]<\/p>\n<p class=\"p1\" style=\"text-align: justify;\"><span class=\"s1\">Lo Scopo del Rotary \u00e8 quello di diffondere l&#8217;ideale del servire, inteso come motore e propulsore di ogni attivit\u00e0. In particolare, esso si propone di:<\/span><\/p>\n<ol style=\"text-align: justify;\">\n<li style=\"text-align: justify;\"><span class=\"s1\">promuovere e sviluppare relazioni amichevoli fra i propri membri per renderli meglio atti a servire l&#8217;interesse generale;<\/span><\/li>\n<li style=\"text-align: justify;\"><span class=\"s1\">informare ai princ\u00ecpi della pi\u00f9 alta rettitudine la pratica degli affari e delle professioni; riconoscere la dignit\u00e0 di ogni occupazione utile e far s\u00ec che esse vengano esercitate nella maniera pi\u00f9 degna, quali mezzi per servire la societ\u00e0;<\/span><\/li>\n<li style=\"text-align: justify;\"><span class=\"s1\">orientare l&#8217;attivit\u00e0 privata, professionale e pubblica di ogni membro del club al concetto di servizio;<\/span><\/li>\n<li style=\"text-align: justify;\">propagare la comprensione reciproca, la buona volont\u00e0 e la pace fra nazione e nazione mediante il diffondersi nel mondo di relazioni amichevoli fra persone esercitanti le pi\u00f9 svariate attivit\u00e0 economiche e professionali, unite nel comune proposito e nella volont\u00e0 di servire.<\/li>\n<\/ol>\n<p class=\"p1\" style=\"text-align: justify;\"><span class=\"s1\"><b><\/b><\/span><\/p>\n<h3 class=\"p1\" style=\"text-align: justify;\"><span class=\"s1\">Azioni del Rotary Club<\/span><\/h3>\n<p class=\"p3\" style=\"text-align: justify;\"><span class=\"s1\"><strong>AZIONE INTERNA<\/strong><br \/> <\/span><span class=\"s1\">Via d&#8217;Azione rotariana, comprendente tutte le attivit\u00e0 che un Rotariano \u00e8 chiamato ad espletare in un club affinch\u00e9 questo abbia a funzionare bene ovvero diffondere l&#8217;ideale del servire, inteso come motore e propulsore di ogni attivit\u00e0.<\/span><\/p>\n<p class=\"p3\" style=\"text-align: justify;\"><span class=\"s1\"><strong>AZIONE PROFESSIONALE<\/strong><br \/> <\/span><span class=\"s1\">Via d\u2019Azione Rotariana avente lo scopo di promuovere l\u2019osservanza di elevati principi etici nell\u2019esercizio di ogni professione., d\u2019incoraggiare il rispetto di ogni occupazione utile e nel sottolineare l\u2019ideale di servire insito in ogni attivit\u00e0 professionale. Collettivamente, \u00e8 un impegno di ogni Club di elaborare programmi che aiutino i Soci nel mettere i loro talenti professionale a servizio della societ\u00e0. Compito di ogni singolo Rotariano sar\u00e0 di comportarsi in conformit\u00e0 dei principi del Rotary e di partecipare attivamente ai progetti lanciati dal suo club nel settore dell\u2019Azione Professionale.<\/span><\/p>\n<p class=\"p3\" style=\"text-align: justify;\"><span class=\"s1\"><strong>AZIONE DI PUBBLICO INTERESSE<\/strong><br \/> <\/span><span class=\"s1\">Via d&#8217;Azione rotariana , comprendente le varie iniziative intraprese dai Rotariani, talvolta in cooperazione con altri (Interact, Rotaract, squadre GIV, ecc.) per elevare la qualit\u00e0 della vita degli abitanti della propria comunit\u00e0 e dintorni.<\/span><\/p>\n<p class=\"p3\" style=\"text-align: justify;\"><span class=\"s1\"><strong>AZIONE INTERNAZIONALE<\/strong><br \/> <\/span><span class=\"s1\">Via d&#8217;Azione rotariana , comprendente tutte le attivit\u00e0 svolte da un Rotariano per favorire la comprensione internazionale, lo spirito d&#8217;amicizia e la pace, facendo la conoscenza con gente d&#8217;altri Paesi, con la loro cultura, le loro tradizioni, i loro problemi e le loro speranze, attraverso contatti personali, viaggi, partecipazioni a Congressi Internazionali, letture e scambi di corrispondenza, come pure attraverso la cooperazione a qualsiasi attivit\u00e0 e progetto di club, compresi i progetti della Fondazione Rotary a favore di abitanti di altri paesi.<\/span><\/p>\n<p class=\"p3\" style=\"text-align: justify;\"><span class=\"s1\"><strong>AZIONE PER LE GIOVANI GENERAZIONI<\/strong><br \/> <\/span><span class=\"s1\">E&#8217; compito particolare di ciascun Rotariano preparare la Nuove Generazioni &#8211; cio\u00e8 tutti giovani fino all&#8217;et\u00e0 di 30 anni &#8211; a migliorare le proprie capacit\u00e0 personali, affinch\u00e9 riescano ad assicurarsi un domani migliore, e ci\u00f2 tenendo conto delle necessit\u00e0 di ogni singolo individuo. Tutti i club e tutti i distretti sono esortati ad intraprendere dei progetti in grado di affrontare i problemi fondamentali delle Nuove Generazioni: la salute, i valori umani, l&#8217;istruzione e lo sviluppo personale.<\/span><\/p>\n<p>[\/et_pb_text][\/et_pb_column][\/et_pb_row][\/et_pb_section]<\/p>\n","protected":false},"excerpt":{"rendered":"<p>Lo Scopo del Rotary \u00e8 quello di diffondere l&#8217;ideale del servire, inteso come motore e propulsore di ogni attivit\u00e0. In particolare, esso si propone di: promuovere e sviluppare relazioni amichevoli [&hellip;]<\/p>\n","protected":false},"author":1,"featured_media":0,"parent":0,"menu_order":0,"comment_status":"closed","ping_status":"closed","template":"","meta":{"_et_pb_use_builder":"on","_et_pb_old_content":"<p class=\"p1\"><span class=\"s1\">Lo Scopo del Rotary \u00e8 quello di diffondere l'ideale del servire, inteso come motore e propulsore di ogni attivit\u00e0. In particolare, esso si propone di:<\/span><\/p>\r\n<p class=\"p3\"><span class=\"s1\">PRIMO<\/span><\/p>\r\n<p class=\"p3\"><span class=\"s1\">promuovere e sviluppare relazioni amichevoli fra i propri membri per renderli meglio atti a servire l'interesse generale;<\/span><\/p>\r\n<p class=\"p3\"><span class=\"s1\">SECONDO<\/span><\/p>\r\n<p class=\"p3\"><span class=\"s1\">informare ai princ\u00ecpi della pi\u00f9 alta rettitudine la pratica degli affari e delle professioni; riconoscere la dignit\u00e0 di ogni occupazione utile e far s\u00ec che esse vengano esercitate nella maniera pi\u00f9 degna, quali mezzi per servire la societ\u00e0;<\/span><\/p>\r\n<p class=\"p3\"><span class=\"s1\">TERZO<\/span><\/p>\r\n<p class=\"p3\"><span class=\"s1\">orientare l'attivit\u00e0 privata, professionale e pubblica di ogni membro del club al concetto di servizio;<\/span><\/p>\r\n<p class=\"p3\"><span class=\"s1\">QUARTO<\/span><\/p>\r\n<p class=\"p3\"><span class=\"s1\">propagare la comprensione reciproca, la buona volont\u00e0 e la pace fra nazione e nazione mediante il diffondersi nel mondo di relazioni amichevoli fra persone esercitanti le pi\u00f9 svariate attivit\u00e0 economiche e professionali, unite nel comune proposito e nella volont\u00e0 di servire.<\/span><\/p>\r\n<p class=\"p1\"><span class=\"s1\"><b>Azioni del Rotary Club<\/b><\/span><\/p>\r\n<p class=\"p3\"><span class=\"s1\">AZIONE INTERNA<\/span><\/p>\r\n<p class=\"p3\"><span class=\"s1\">Via d'Azione rotariana, comprendente tutte le attivit\u00e0 che un Rotariano \u00e8 chiamato ad espletare in un club affinch\u00e9 questo abbia a funzionare bene ovvero diffondere l'ideale del servire, inteso come motore e propulsore di ogni attivit\u00e0.<\/span><\/p>\r\n<p class=\"p3\"><span class=\"s1\">AZIONE PROFESSIONALE<\/span><\/p>\r\n<p class=\"p3\"><span class=\"s1\">Via d\u2019Azione Rotariana avente lo scopo di promuovere l\u2019osservanza di elevati principi etici nell\u2019esercizio di ogni professione., d\u2019incoraggiare il rispetto di ogni occupazione utile e nel sottolineare l\u2019ideale di servire insito in ogni attivit\u00e0 professionale. Collettivamente, \u00e8 un impegno di ogni Club di elaborare programmi che aiutino i Soci nel mettere i loro talenti professionale a servizio della societ\u00e0. Compito di ogni singolo Rotariano sar\u00e0 di comportarsi in conformit\u00e0 dei principi del Rotary e di partecipare attivamente ai progetti lanciati dal suo club nel settore dell\u2019Azione Professionale.<\/span><\/p>\r\n<p class=\"p3\"><span class=\"s1\">AZIONE DI PUBBLICO INTERESSE<\/span><\/p>\r\n<p class=\"p3\"><span class=\"s1\">Via d'Azione rotariana , comprendente le varie iniziative intraprese dai Rotariani, talvolta in cooperazione con altri (Interact, Rotaract, squadre GIV, ecc.) per elevare la qualit\u00e0 della vita degli abitanti della propria comunit\u00e0 e dintorni.<\/span><\/p>\r\n<p class=\"p3\"><span class=\"s1\">AZIONE INTERNAZIONALE<\/span><\/p>\r\n<p class=\"p3\"><span class=\"s1\">Via d'Azione rotariana , comprendente tutte le attivit\u00e0 svolte da un Rotariano per favorire la comprensione internazionale, lo spirito d'amicizia e la pace, facendo la conoscenza con gente d'altri Paesi, con la loro cultura, le loro tradizioni, i loro problemi e le loro speranze, attraverso contatti personali, viaggi, partecipazioni a Congressi Internazionali, letture e scambi di corrispondenza, come pure attraverso la cooperazione a qualsiasi attivit\u00e0 e progetto di club, compresi i progetti della Fondazione Rotary a favore di abitanti di altri paesi.<\/span><\/p>\r\n<p class=\"p3\"><span class=\"s1\">AZIONE PER LE GIOVANI GENERAZIONI<\/span><\/p>\r\n<p class=\"p3\"><span class=\"s1\">E' compito particolare di ciascun Rotariano preparare la Nuove Generazioni - cio\u00e8 tutti giovani fino all'et\u00e0 di 30 anni - a migliorare le proprie capacit\u00e0 personali, affinch\u00e9 riescano ad assicurarsi un domani migliore, e ci\u00f2 tenendo conto delle necessit\u00e0 di ogni singolo individuo. Tutti i club e tutti i distretti sono esortati ad intraprendere dei progetti in grado di affrontare i problemi fondamentali delle Nuove Generazioni: la salute, i valori umani, l'istruzione e lo sviluppo personale.<\/span><\/p>","_et_gb_content_width":"","footnotes":""},"class_list":["post-273","page","type-page","status-publish","hentry"],"yoast_head":"<!-- This site is optimized with the Yoast SEO plugin v27.5 - https:\/\/yoast.com\/product\/yoast-seo-wordpress\/ -->\n<title>lo scopo del Rotary - Rotary Club Dalmine Centenario<\/title>\n<meta name=\"robots\" content=\"index, follow, max-snippet:-1, max-image-preview:large, max-video-preview:-1\" \/>\n<link rel=\"canonical\" href=\"https:\/\/www.rotaryclubdalminecentenario.org\/sito\/rotary-international-2\/\" \/>\n<meta property=\"og:locale\" content=\"it_IT\" \/>\n<meta property=\"og:type\" content=\"article\" \/>\n<meta property=\"og:title\" content=\"lo scopo del Rotary - Rotary Club Dalmine Centenario\" \/>\n<meta property=\"og:description\" content=\"Lo Scopo del Rotary \u00e8 quello di diffondere l&#039;ideale del servire, inteso come motore e propulsore di ogni attivit\u00e0. In particolare, esso si propone di: promuovere e sviluppare relazioni amichevoli [&hellip;]\" \/>\n<meta property=\"og:url\" content=\"https:\/\/www.rotaryclubdalminecentenario.org\/sito\/rotary-international-2\/\" \/>\n<meta property=\"og:site_name\" content=\"Rotary Club Dalmine Centenario\" \/>\n<meta property=\"article:modified_time\" content=\"2020-07-08T08:02:58+00:00\" \/>\n<meta name=\"twitter:card\" content=\"summary_large_image\" \/>\n<meta name=\"twitter:label1\" content=\"Tempo di lettura stimato\" \/>\n\t<meta name=\"twitter:data1\" content=\"3 minuti\" \/>\n<script type=\"application\/ld+json\" class=\"yoast-schema-graph\">{\"@context\":\"https:\\\/\\\/schema.org\",\"@graph\":[{\"@type\":\"WebPage\",\"@id\":\"https:\\\/\\\/www.rotaryclubdalminecentenario.org\\\/sito\\\/rotary-international-2\\\/\",\"url\":\"https:\\\/\\\/www.rotaryclubdalminecentenario.org\\\/sito\\\/rotary-international-2\\\/\",\"name\":\"lo scopo del Rotary - Rotary Club Dalmine Centenario\",\"isPartOf\":{\"@id\":\"https:\\\/\\\/www.rotaryclubdalminecentenario.org\\\/sito\\\/#website\"},\"datePublished\":\"2016-07-18T12:52:16+00:00\",\"dateModified\":\"2020-07-08T08:02:58+00:00\",\"breadcrumb\":{\"@id\":\"https:\\\/\\\/www.rotaryclubdalminecentenario.org\\\/sito\\\/rotary-international-2\\\/#breadcrumb\"},\"inLanguage\":\"it-IT\",\"potentialAction\":[{\"@type\":\"ReadAction\",\"target\":[\"https:\\\/\\\/www.rotaryclubdalminecentenario.org\\\/sito\\\/rotary-international-2\\\/\"]}]},{\"@type\":\"BreadcrumbList\",\"@id\":\"https:\\\/\\\/www.rotaryclubdalminecentenario.org\\\/sito\\\/rotary-international-2\\\/#breadcrumb\",\"itemListElement\":[{\"@type\":\"ListItem\",\"position\":1,\"name\":\"Home\",\"item\":\"https:\\\/\\\/www.rotaryclubdalminecentenario.org\\\/sito\\\/\"},{\"@type\":\"ListItem\",\"position\":2,\"name\":\"lo scopo del Rotary\"}]},{\"@type\":\"WebSite\",\"@id\":\"https:\\\/\\\/www.rotaryclubdalminecentenario.org\\\/sito\\\/#website\",\"url\":\"https:\\\/\\\/www.rotaryclubdalminecentenario.org\\\/sito\\\/\",\"name\":\"Rotary Club Dalmine Centenario\",\"description\":\"Rotary Club Dalmine Centenario\",\"publisher\":{\"@id\":\"https:\\\/\\\/www.rotaryclubdalminecentenario.org\\\/sito\\\/#organization\"},\"potentialAction\":[{\"@type\":\"SearchAction\",\"target\":{\"@type\":\"EntryPoint\",\"urlTemplate\":\"https:\\\/\\\/www.rotaryclubdalminecentenario.org\\\/sito\\\/?s={search_term_string}\"},\"query-input\":{\"@type\":\"PropertyValueSpecification\",\"valueRequired\":true,\"valueName\":\"search_term_string\"}}],\"inLanguage\":\"it-IT\"},{\"@type\":\"Organization\",\"@id\":\"https:\\\/\\\/www.rotaryclubdalminecentenario.org\\\/sito\\\/#organization\",\"name\":\"Rotary Club Dalmine Centenario\",\"url\":\"https:\\\/\\\/www.rotaryclubdalminecentenario.org\\\/sito\\\/\",\"logo\":{\"@type\":\"ImageObject\",\"inLanguage\":\"it-IT\",\"@id\":\"https:\\\/\\\/www.rotaryclubdalminecentenario.org\\\/sito\\\/#\\\/schema\\\/logo\\\/image\\\/\",\"url\":\"https:\\\/\\\/www.rotaryclubdalminecentenario.org\\\/sito\\\/wp-content\\\/uploads\\\/2016\\\/07\\\/centeario.jpg\",\"contentUrl\":\"https:\\\/\\\/www.rotaryclubdalminecentenario.org\\\/sito\\\/wp-content\\\/uploads\\\/2016\\\/07\\\/centeario.jpg\",\"width\":1680,\"height\":482,\"caption\":\"Rotary Club Dalmine Centenario\"},\"image\":{\"@id\":\"https:\\\/\\\/www.rotaryclubdalminecentenario.org\\\/sito\\\/#\\\/schema\\\/logo\\\/image\\\/\"}}]}<\/script>\n<!-- \/ Yoast SEO plugin. -->","yoast_head_json":{"title":"lo scopo del Rotary - Rotary Club Dalmine Centenario","robots":{"index":"index","follow":"follow","max-snippet":"max-snippet:-1","max-image-preview":"max-image-preview:large","max-video-preview":"max-video-preview:-1"},"canonical":"https:\/\/www.rotaryclubdalminecentenario.org\/sito\/rotary-international-2\/","og_locale":"it_IT","og_type":"article","og_title":"lo scopo del Rotary - Rotary Club Dalmine Centenario","og_description":"Lo Scopo del Rotary \u00e8 quello di diffondere l'ideale del servire, inteso come motore e propulsore di ogni attivit\u00e0. In particolare, esso si propone di: promuovere e sviluppare relazioni amichevoli [&hellip;]","og_url":"https:\/\/www.rotaryclubdalminecentenario.org\/sito\/rotary-international-2\/","og_site_name":"Rotary Club Dalmine Centenario","article_modified_time":"2020-07-08T08:02:58+00:00","twitter_card":"summary_large_image","twitter_misc":{"Tempo di lettura stimato":"3 minuti"},"schema":{"@context":"https:\/\/schema.org","@graph":[{"@type":"WebPage","@id":"https:\/\/www.rotaryclubdalminecentenario.org\/sito\/rotary-international-2\/","url":"https:\/\/www.rotaryclubdalminecentenario.org\/sito\/rotary-international-2\/","name":"lo scopo del Rotary - Rotary Club Dalmine Centenario","isPartOf":{"@id":"https:\/\/www.rotaryclubdalminecentenario.org\/sito\/#website"},"datePublished":"2016-07-18T12:52:16+00:00","dateModified":"2020-07-08T08:02:58+00:00","breadcrumb":{"@id":"https:\/\/www.rotaryclubdalminecentenario.org\/sito\/rotary-international-2\/#breadcrumb"},"inLanguage":"it-IT","potentialAction":[{"@type":"ReadAction","target":["https:\/\/www.rotaryclubdalminecentenario.org\/sito\/rotary-international-2\/"]}]},{"@type":"BreadcrumbList","@id":"https:\/\/www.rotaryclubdalminecentenario.org\/sito\/rotary-international-2\/#breadcrumb","itemListElement":[{"@type":"ListItem","position":1,"name":"Home","item":"https:\/\/www.rotaryclubdalminecentenario.org\/sito\/"},{"@type":"ListItem","position":2,"name":"lo scopo del Rotary"}]},{"@type":"WebSite","@id":"https:\/\/www.rotaryclubdalminecentenario.org\/sito\/#website","url":"https:\/\/www.rotaryclubdalminecentenario.org\/sito\/","name":"Rotary Club Dalmine Centenario","description":"Rotary Club Dalmine Centenario","publisher":{"@id":"https:\/\/www.rotaryclubdalminecentenario.org\/sito\/#organization"},"potentialAction":[{"@type":"SearchAction","target":{"@type":"EntryPoint","urlTemplate":"https:\/\/www.rotaryclubdalminecentenario.org\/sito\/?s={search_term_string}"},"query-input":{"@type":"PropertyValueSpecification","valueRequired":true,"valueName":"search_term_string"}}],"inLanguage":"it-IT"},{"@type":"Organization","@id":"https:\/\/www.rotaryclubdalminecentenario.org\/sito\/#organization","name":"Rotary Club Dalmine Centenario","url":"https:\/\/www.rotaryclubdalminecentenario.org\/sito\/","logo":{"@type":"ImageObject","inLanguage":"it-IT","@id":"https:\/\/www.rotaryclubdalminecentenario.org\/sito\/#\/schema\/logo\/image\/","url":"https:\/\/www.rotaryclubdalminecentenario.org\/sito\/wp-content\/uploads\/2016\/07\/centeario.jpg","contentUrl":"https:\/\/www.rotaryclubdalminecentenario.org\/sito\/wp-content\/uploads\/2016\/07\/centeario.jpg","width":1680,"height":482,"caption":"Rotary Club Dalmine Centenario"},"image":{"@id":"https:\/\/www.rotaryclubdalminecentenario.org\/sito\/#\/schema\/logo\/image\/"}}]}},"_links":{"self":[{"href":"https:\/\/www.rotaryclubdalminecentenario.org\/sito\/wp-json\/wp\/v2\/pages\/273","targetHints":{"allow":["GET"]}}],"collection":[{"href":"https:\/\/www.rotaryclubdalminecentenario.org\/sito\/wp-json\/wp\/v2\/pages"}],"about":[{"href":"https:\/\/www.rotaryclubdalminecentenario.org\/sito\/wp-json\/wp\/v2\/types\/page"}],"author":[{"embeddable":true,"href":"https:\/\/www.rotaryclubdalminecentenario.org\/sito\/wp-json\/wp\/v2\/users\/1"}],"replies":[{"embeddable":true,"href":"https:\/\/www.rotaryclubdalminecentenario.org\/sito\/wp-json\/wp\/v2\/comments?post=273"}],"version-history":[{"count":0,"href":"https:\/\/www.rotaryclubdalminecentenario.org\/sito\/wp-json\/wp\/v2\/pages\/273\/revisions"}],"wp:attachment":[{"href":"https:\/\/www.rotaryclubdalminecentenario.org\/sito\/wp-json\/wp\/v2\/media?parent=273"}],"curies":[{"name":"wp","href":"https:\/\/api.w.org\/{rel}","templated":true}]}}