{"id":813,"date":"2016-07-21T13:35:29","date_gmt":"2016-07-21T11:35:29","guid":{"rendered":"https:\/\/www.rotaryclubdalminecentenario.org\/sito\/?page_id=813"},"modified":"2020-07-07T09:29:11","modified_gmt":"2020-07-07T07:29:11","slug":"rotaract","status":"publish","type":"page","link":"https:\/\/www.rotaryclubdalminecentenario.org\/sito\/rotaract\/","title":{"rendered":"rotaract"},"content":{"rendered":"<p class=\"p1\"><span class=\"s1\"><img loading=\"lazy\" decoding=\"async\" class=\"size-full wp-image-811 alignleft\" src=\"https:\/\/www.rotaryclubdalminecentenario.org\/sito\/wp-content\/uploads\/2016\/07\/pannello_rotaract-interact-small.jpg\" alt=\"pannello_rotaract-interact-small\" width=\"200\" height=\"286\" \/>Rotaract \u00e8 un club per giovani della fascia d&#8217;et\u00e0 di 18-30 anni che si riuniscono due volte al mese per scambiarsi idee, pianificare attivit\u00e0 e progetti e socializzare. Sebbene i Rotaract club siano patrocinati dai Rotary club, spetta a loro tuttavia decidere come organizzare e gestire il loro club e quali progetti e attivit\u00e0 svolgere.<\/span><\/p>\n<p class=\"p1\"><span class=\"s1\">Nell\u2019 A.R. 2006\/2007 abbiamo fondato il Rotaract Bergamo Donizetti, quarto club del Gruppo Orobico che, nell\u2019A.R. 2009\/2010 ha accolto tutti i membri del Rotaract Bergamo Citt\u00e0 Alta assumendone la denominazione.<\/span><\/p>\n<p class=\"p1\"><span class=\"s1\">Il Club \u00e8 patrocinato anche dal R.C. Bergamo Citt\u00e0 Alta, dal R.C. Bergamo Nord e R.C. Bergamo Sud.<\/span><\/p>\n","protected":false},"excerpt":{"rendered":"<p>Rotaract \u00e8 un club per giovani della fascia d&#8217;et\u00e0 di 18-30 anni che si riuniscono due volte al mese per scambiarsi idee, pianificare attivit\u00e0 e progetti e socializzare. Sebbene i [&hellip;]<\/p>\n","protected":false},"author":1,"featured_media":0,"parent":0,"menu_order":0,"comment_status":"closed","ping_status":"closed","template":"","meta":{"_et_pb_use_builder":"","_et_pb_old_content":"","_et_gb_content_width":"","footnotes":""},"class_list":["post-813","page","type-page","status-publish","hentry"],"yoast_head":"<!-- This site is optimized with the Yoast SEO plugin v27.5 - https:\/\/yoast.com\/product\/yoast-seo-wordpress\/ -->\n<title>rotaract - Rotary Club Dalmine Centenario<\/title>\n<meta name=\"robots\" content=\"index, follow, max-snippet:-1, max-image-preview:large, max-video-preview:-1\" \/>\n<link rel=\"canonical\" href=\"https:\/\/www.rotaryclubdalminecentenario.org\/sito\/rotaract\/\" \/>\n<meta property=\"og:locale\" content=\"it_IT\" \/>\n<meta property=\"og:type\" content=\"article\" \/>\n<meta property=\"og:title\" content=\"rotaract - Rotary Club Dalmine Centenario\" \/>\n<meta property=\"og:description\" content=\"Rotaract \u00e8 un club per giovani della fascia d&#8217;et\u00e0 di 18-30 anni che si riuniscono due volte al mese per scambiarsi idee, pianificare attivit\u00e0 e progetti e socializzare. Sebbene i [&hellip;]\" \/>\n<meta property=\"og:url\" content=\"https:\/\/www.rotaryclubdalminecentenario.org\/sito\/rotaract\/\" \/>\n<meta property=\"og:site_name\" content=\"Rotary Club Dalmine Centenario\" \/>\n<meta property=\"article:modified_time\" content=\"2020-07-07T07:29:11+00:00\" \/>\n<meta property=\"og:image\" content=\"https:\/\/www.rotaryclubdalminecentenario.org\/sito\/wp-content\/uploads\/2016\/07\/pannello_rotaract-interact-small.jpg\" \/>\n<meta name=\"twitter:card\" content=\"summary_large_image\" \/>\n<meta name=\"twitter:label1\" content=\"Tempo di lettura stimato\" \/>\n\t<meta name=\"twitter:data1\" content=\"1 minuto\" \/>\n<script type=\"application\/ld+json\" class=\"yoast-schema-graph\">{\"@context\":\"https:\\\/\\\/schema.org\",\"@graph\":[{\"@type\":\"WebPage\",\"@id\":\"https:\\\/\\\/www.rotaryclubdalminecentenario.org\\\/sito\\\/rotaract\\\/\",\"url\":\"https:\\\/\\\/www.rotaryclubdalminecentenario.org\\\/sito\\\/rotaract\\\/\",\"name\":\"rotaract - Rotary Club Dalmine Centenario\",\"isPartOf\":{\"@id\":\"https:\\\/\\\/www.rotaryclubdalminecentenario.org\\\/sito\\\/#website\"},\"primaryImageOfPage\":{\"@id\":\"https:\\\/\\\/www.rotaryclubdalminecentenario.org\\\/sito\\\/rotaract\\\/#primaryimage\"},\"image\":{\"@id\":\"https:\\\/\\\/www.rotaryclubdalminecentenario.org\\\/sito\\\/rotaract\\\/#primaryimage\"},\"thumbnailUrl\":\"https:\\\/\\\/www.rotaryclubdalminecentenario.org\\\/sito\\\/wp-content\\\/uploads\\\/2016\\\/07\\\/pannello_rotaract-interact-small.jpg\",\"datePublished\":\"2016-07-21T11:35:29+00:00\",\"dateModified\":\"2020-07-07T07:29:11+00:00\",\"breadcrumb\":{\"@id\":\"https:\\\/\\\/www.rotaryclubdalminecentenario.org\\\/sito\\\/rotaract\\\/#breadcrumb\"},\"inLanguage\":\"it-IT\",\"potentialAction\":[{\"@type\":\"ReadAction\",\"target\":[\"https:\\\/\\\/www.rotaryclubdalminecentenario.org\\\/sito\\\/rotaract\\\/\"]}]},{\"@type\":\"ImageObject\",\"inLanguage\":\"it-IT\",\"@id\":\"https:\\\/\\\/www.rotaryclubdalminecentenario.org\\\/sito\\\/rotaract\\\/#primaryimage\",\"url\":\"https:\\\/\\\/www.rotaryclubdalminecentenario.org\\\/sito\\\/wp-content\\\/uploads\\\/2016\\\/07\\\/pannello_rotaract-interact-small.jpg\",\"contentUrl\":\"https:\\\/\\\/www.rotaryclubdalminecentenario.org\\\/sito\\\/wp-content\\\/uploads\\\/2016\\\/07\\\/pannello_rotaract-interact-small.jpg\",\"width\":200,\"height\":286},{\"@type\":\"BreadcrumbList\",\"@id\":\"https:\\\/\\\/www.rotaryclubdalminecentenario.org\\\/sito\\\/rotaract\\\/#breadcrumb\",\"itemListElement\":[{\"@type\":\"ListItem\",\"position\":1,\"name\":\"Home\",\"item\":\"https:\\\/\\\/www.rotaryclubdalminecentenario.org\\\/sito\\\/\"},{\"@type\":\"ListItem\",\"position\":2,\"name\":\"rotaract\"}]},{\"@type\":\"WebSite\",\"@id\":\"https:\\\/\\\/www.rotaryclubdalminecentenario.org\\\/sito\\\/#website\",\"url\":\"https:\\\/\\\/www.rotaryclubdalminecentenario.org\\\/sito\\\/\",\"name\":\"Rotary Club Dalmine Centenario\",\"description\":\"Rotary Club Dalmine Centenario\",\"publisher\":{\"@id\":\"https:\\\/\\\/www.rotaryclubdalminecentenario.org\\\/sito\\\/#organization\"},\"potentialAction\":[{\"@type\":\"SearchAction\",\"target\":{\"@type\":\"EntryPoint\",\"urlTemplate\":\"https:\\\/\\\/www.rotaryclubdalminecentenario.org\\\/sito\\\/?s={search_term_string}\"},\"query-input\":{\"@type\":\"PropertyValueSpecification\",\"valueRequired\":true,\"valueName\":\"search_term_string\"}}],\"inLanguage\":\"it-IT\"},{\"@type\":\"Organization\",\"@id\":\"https:\\\/\\\/www.rotaryclubdalminecentenario.org\\\/sito\\\/#organization\",\"name\":\"Rotary Club Dalmine Centenario\",\"url\":\"https:\\\/\\\/www.rotaryclubdalminecentenario.org\\\/sito\\\/\",\"logo\":{\"@type\":\"ImageObject\",\"inLanguage\":\"it-IT\",\"@id\":\"https:\\\/\\\/www.rotaryclubdalminecentenario.org\\\/sito\\\/#\\\/schema\\\/logo\\\/image\\\/\",\"url\":\"https:\\\/\\\/www.rotaryclubdalminecentenario.org\\\/sito\\\/wp-content\\\/uploads\\\/2016\\\/07\\\/centeario.jpg\",\"contentUrl\":\"https:\\\/\\\/www.rotaryclubdalminecentenario.org\\\/sito\\\/wp-content\\\/uploads\\\/2016\\\/07\\\/centeario.jpg\",\"width\":1680,\"height\":482,\"caption\":\"Rotary Club Dalmine Centenario\"},\"image\":{\"@id\":\"https:\\\/\\\/www.rotaryclubdalminecentenario.org\\\/sito\\\/#\\\/schema\\\/logo\\\/image\\\/\"}}]}<\/script>\n<!-- \/ Yoast SEO plugin. -->","yoast_head_json":{"title":"rotaract - Rotary Club Dalmine Centenario","robots":{"index":"index","follow":"follow","max-snippet":"max-snippet:-1","max-image-preview":"max-image-preview:large","max-video-preview":"max-video-preview:-1"},"canonical":"https:\/\/www.rotaryclubdalminecentenario.org\/sito\/rotaract\/","og_locale":"it_IT","og_type":"article","og_title":"rotaract - Rotary Club Dalmine Centenario","og_description":"Rotaract \u00e8 un club per giovani della fascia d&#8217;et\u00e0 di 18-30 anni che si riuniscono due volte al mese per scambiarsi idee, pianificare attivit\u00e0 e progetti e socializzare. Sebbene i [&hellip;]","og_url":"https:\/\/www.rotaryclubdalminecentenario.org\/sito\/rotaract\/","og_site_name":"Rotary Club Dalmine Centenario","article_modified_time":"2020-07-07T07:29:11+00:00","og_image":[{"url":"https:\/\/www.rotaryclubdalminecentenario.org\/sito\/wp-content\/uploads\/2016\/07\/pannello_rotaract-interact-small.jpg","type":"","width":"","height":""}],"twitter_card":"summary_large_image","twitter_misc":{"Tempo di lettura stimato":"1 minuto"},"schema":{"@context":"https:\/\/schema.org","@graph":[{"@type":"WebPage","@id":"https:\/\/www.rotaryclubdalminecentenario.org\/sito\/rotaract\/","url":"https:\/\/www.rotaryclubdalminecentenario.org\/sito\/rotaract\/","name":"rotaract - Rotary Club Dalmine Centenario","isPartOf":{"@id":"https:\/\/www.rotaryclubdalminecentenario.org\/sito\/#website"},"primaryImageOfPage":{"@id":"https:\/\/www.rotaryclubdalminecentenario.org\/sito\/rotaract\/#primaryimage"},"image":{"@id":"https:\/\/www.rotaryclubdalminecentenario.org\/sito\/rotaract\/#primaryimage"},"thumbnailUrl":"https:\/\/www.rotaryclubdalminecentenario.org\/sito\/wp-content\/uploads\/2016\/07\/pannello_rotaract-interact-small.jpg","datePublished":"2016-07-21T11:35:29+00:00","dateModified":"2020-07-07T07:29:11+00:00","breadcrumb":{"@id":"https:\/\/www.rotaryclubdalminecentenario.org\/sito\/rotaract\/#breadcrumb"},"inLanguage":"it-IT","potentialAction":[{"@type":"ReadAction","target":["https:\/\/www.rotaryclubdalminecentenario.org\/sito\/rotaract\/"]}]},{"@type":"ImageObject","inLanguage":"it-IT","@id":"https:\/\/www.rotaryclubdalminecentenario.org\/sito\/rotaract\/#primaryimage","url":"https:\/\/www.rotaryclubdalminecentenario.org\/sito\/wp-content\/uploads\/2016\/07\/pannello_rotaract-interact-small.jpg","contentUrl":"https:\/\/www.rotaryclubdalminecentenario.org\/sito\/wp-content\/uploads\/2016\/07\/pannello_rotaract-interact-small.jpg","width":200,"height":286},{"@type":"BreadcrumbList","@id":"https:\/\/www.rotaryclubdalminecentenario.org\/sito\/rotaract\/#breadcrumb","itemListElement":[{"@type":"ListItem","position":1,"name":"Home","item":"https:\/\/www.rotaryclubdalminecentenario.org\/sito\/"},{"@type":"ListItem","position":2,"name":"rotaract"}]},{"@type":"WebSite","@id":"https:\/\/www.rotaryclubdalminecentenario.org\/sito\/#website","url":"https:\/\/www.rotaryclubdalminecentenario.org\/sito\/","name":"Rotary Club Dalmine Centenario","description":"Rotary Club Dalmine Centenario","publisher":{"@id":"https:\/\/www.rotaryclubdalminecentenario.org\/sito\/#organization"},"potentialAction":[{"@type":"SearchAction","target":{"@type":"EntryPoint","urlTemplate":"https:\/\/www.rotaryclubdalminecentenario.org\/sito\/?s={search_term_string}"},"query-input":{"@type":"PropertyValueSpecification","valueRequired":true,"valueName":"search_term_string"}}],"inLanguage":"it-IT"},{"@type":"Organization","@id":"https:\/\/www.rotaryclubdalminecentenario.org\/sito\/#organization","name":"Rotary Club Dalmine Centenario","url":"https:\/\/www.rotaryclubdalminecentenario.org\/sito\/","logo":{"@type":"ImageObject","inLanguage":"it-IT","@id":"https:\/\/www.rotaryclubdalminecentenario.org\/sito\/#\/schema\/logo\/image\/","url":"https:\/\/www.rotaryclubdalminecentenario.org\/sito\/wp-content\/uploads\/2016\/07\/centeario.jpg","contentUrl":"https:\/\/www.rotaryclubdalminecentenario.org\/sito\/wp-content\/uploads\/2016\/07\/centeario.jpg","width":1680,"height":482,"caption":"Rotary Club Dalmine Centenario"},"image":{"@id":"https:\/\/www.rotaryclubdalminecentenario.org\/sito\/#\/schema\/logo\/image\/"}}]}},"_links":{"self":[{"href":"https:\/\/www.rotaryclubdalminecentenario.org\/sito\/wp-json\/wp\/v2\/pages\/813","targetHints":{"allow":["GET"]}}],"collection":[{"href":"https:\/\/www.rotaryclubdalminecentenario.org\/sito\/wp-json\/wp\/v2\/pages"}],"about":[{"href":"https:\/\/www.rotaryclubdalminecentenario.org\/sito\/wp-json\/wp\/v2\/types\/page"}],"author":[{"embeddable":true,"href":"https:\/\/www.rotaryclubdalminecentenario.org\/sito\/wp-json\/wp\/v2\/users\/1"}],"replies":[{"embeddable":true,"href":"https:\/\/www.rotaryclubdalminecentenario.org\/sito\/wp-json\/wp\/v2\/comments?post=813"}],"version-history":[{"count":0,"href":"https:\/\/www.rotaryclubdalminecentenario.org\/sito\/wp-json\/wp\/v2\/pages\/813\/revisions"}],"wp:attachment":[{"href":"https:\/\/www.rotaryclubdalminecentenario.org\/sito\/wp-json\/wp\/v2\/media?parent=813"}],"curies":[{"name":"wp","href":"https:\/\/api.w.org\/{rel}","templated":true}]}}